{"id":846,"date":"2018-02-01T10:12:52","date_gmt":"2018-02-01T09:12:52","guid":{"rendered":"https:\/\/www.manege-vandoeuvres.ch\/?page_id=846"},"modified":"2023-10-10T17:32:48","modified_gmt":"2023-10-10T15:32:48","slug":"horse-riding-leasure-geneva","status":"publish","type":"page","link":"https:\/\/www.manege-vandoeuvres.ch\/en\/horse-riding-leasure-geneva\/","title":{"rendered":"Gallery"},"content":{"rendered":"<p>[et_pb_section fb_built=&#8221;1&#8243; fullwidth=&#8221;on&#8221; _builder_version=&#8221;4.16&#8243; global_colors_info=&#8221;{}&#8221;][et_pb_fullwidth_slider _builder_version=&#8221;4.22.2&#8243; box_shadow_style=&#8221;preset6&#8243; box_shadow_blur=&#8221;10px&#8221; box_shadow_color=&#8221;rgba(0,0,0,0.1)&#8221; show_inner_shadow=&#8221;on&#8221; global_colors_info=&#8221;{}&#8221; button_text_size__hover_enabled=&#8221;off&#8221; button_one_text_size__hover_enabled=&#8221;off&#8221; button_two_text_size__hover_enabled=&#8221;off&#8221; button_text_color__hover_enabled=&#8221;off&#8221; button_one_text_color__hover_enabled=&#8221;off&#8221; button_two_text_color__hover_enabled=&#8221;off&#8221; button_border_width__hover_enabled=&#8221;off&#8221; button_one_border_width__hover_enabled=&#8221;off&#8221; button_two_border_width__hover_enabled=&#8221;off&#8221; button_border_color__hover_enabled=&#8221;off&#8221; button_one_border_color__hover_enabled=&#8221;off&#8221; button_two_border_color__hover_enabled=&#8221;off&#8221; button_border_radius__hover_enabled=&#8221;off&#8221; button_one_border_radius__hover_enabled=&#8221;off&#8221; button_two_border_radius__hover_enabled=&#8221;off&#8221; button_letter_spacing__hover_enabled=&#8221;off&#8221; button_one_letter_spacing__hover_enabled=&#8221;off&#8221; button_two_letter_spacing__hover_enabled=&#8221;off&#8221; button_bg_color__hover_enabled=&#8221;off&#8221; button_one_bg_color__hover_enabled=&#8221;off&#8221; button_two_bg_color__hover_enabled=&#8221;off&#8221;][et_pb_slide use_bg_overlay=&#8221;off&#8221; use_text_overlay=&#8221;off&#8221; _builder_version=&#8221;4.22.2&#8243; background_color=&#8221;#ffffff&#8221; background_image=&#8221;https:\/\/www.manege-vandoeuvres.ch\/wp-content\/uploads\/2023\/10\/lifefragment-271-min-scaled.jpg&#8221; background_enable_image=&#8221;on&#8221; button_on_hover=&#8221;on&#8221; global_colors_info=&#8221;{}&#8221; button_text_size__hover_enabled=&#8221;off&#8221; button_one_text_size__hover_enabled=&#8221;off&#8221; button_two_text_size__hover_enabled=&#8221;off&#8221; button_text_color__hover_enabled=&#8221;off&#8221; button_one_text_color__hover_enabled=&#8221;off&#8221; button_two_text_color__hover_enabled=&#8221;off&#8221; button_border_width__hover_enabled=&#8221;off&#8221; button_one_border_width__hover_enabled=&#8221;off&#8221; button_two_border_width__hover_enabled=&#8221;off&#8221; button_border_color__hover_enabled=&#8221;off&#8221; button_one_border_color__hover_enabled=&#8221;off&#8221; button_two_border_color__hover_enabled=&#8221;off&#8221; button_border_radius__hover_enabled=&#8221;off&#8221; button_one_border_radius__hover_enabled=&#8221;off&#8221; button_two_border_radius__hover_enabled=&#8221;off&#8221; button_letter_spacing__hover_enabled=&#8221;off&#8221; button_one_letter_spacing__hover_enabled=&#8221;off&#8221; button_two_letter_spacing__hover_enabled=&#8221;off&#8221; button_bg_color__hover_enabled=&#8221;off&#8221; button_one_bg_color__hover_enabled=&#8221;off&#8221; button_two_bg_color__hover_enabled=&#8221;off&#8221; sticky_transition=&#8221;on&#8221;][\/et_pb_slide][\/et_pb_fullwidth_slider][\/et_pb_section][et_pb_section fb_built=&#8221;1&#8243; _builder_version=&#8221;4.16&#8243; global_colors_info=&#8221;{}&#8221;][et_pb_row _builder_version=&#8221;4.16&#8243; background_size=&#8221;initial&#8221; background_position=&#8221;top_left&#8221; background_repeat=&#8221;repeat&#8221; global_colors_info=&#8221;{}&#8221;][et_pb_column type=&#8221;4_4&#8243; _builder_version=&#8221;4.16&#8243; custom_padding=&#8221;|||&#8221; global_colors_info=&#8221;{}&#8221; custom_padding__hover=&#8221;|||&#8221;][et_pb_text module_class=&#8221;Titre-home&#8221; _builder_version=&#8221;4.22.2&#8243; hover_enabled=&#8221;0&#8243; global_colors_info=&#8221;{}&#8221; sticky_enabled=&#8221;0&#8243;]<\/p>\n<h1>Leisure riding Geneva<\/h1>\n<p>[\/et_pb_text][et_pb_gallery gallery_ids=&#8221;620,622,624,625,627,632,633,636,637,639,642,648,661,662,663,664,671,674,1106,1110,1112,1114,1118,1120,1122,1126,1128,1132,1144,1160,1168,1170,1172,1194,1202,1206,1208,1210,1212,1230,1234,1236,1570,1567,1560,1558,1554,1549,1547,1543,1541,1539,1533,1531,1529,1527,1523,1521,1516,1514,1510,1508,1496,1494,1492,1490,1488,1486,1480,1484,1470,1472,1476,1478,1398,1394,1390,1388,1384,1382,1374&#8243; gallery_orderby=&#8221;rand&#8221; posts_number=&#8221;200&#8243; db_images_per_row=&#8221;4&#8243; db_image_max_width=&#8221;100%&#8221; db_image_max_width_tablet=&#8221;51&#8243; db_image_max_height_tablet=&#8221;501&#8243; db_image_row_spacing=&#8221;0px&#8221; db_image_row_spacing_tablet=&#8221;51&#8243; db_image_center_titles=&#8221;left&#8221; db_image_object_fit=&#8221;initial&#8221; dbdb_version=&#8221;4.2.9&#8243; show_title_and_caption=&#8221;off&#8221; show_pagination=&#8221;off&#8221; zoom_icon_color=&#8221;#2B2A45&#8243; admin_label=&#8221;Galerie&#8221; _builder_version=&#8221;4.22.2&#8243; pagination_font_size_tablet=&#8221;51&#8243; pagination_line_height_tablet=&#8221;2&#8243; global_colors_info=&#8221;{}&#8221;][\/et_pb_gallery][\/et_pb_column][\/et_pb_row][\/et_pb_section]<\/p>\n","protected":false},"excerpt":{"rendered":"<p>Leisure riding Geneva<\/p>\n","protected":false},"author":1,"featured_media":0,"parent":0,"menu_order":0,"comment_status":"closed","ping_status":"closed","template":"","meta":{"_et_pb_use_builder":"on","_et_pb_old_content":"","_et_gb_content_width":"","footnotes":""},"class_list":["post-846","page","type-page","status-publish","hentry"],"yoast_head":"<!-- This site is optimized with the Yoast SEO plugin v27.4 - https:\/\/yoast.com\/product\/yoast-seo-wordpress\/ -->\n<title>Man\u00e8ge de Vandoeuvres | Equitation loisirs Gen\u00e8ve<\/title>\n<meta name=\"description\" content=\"Le Man\u00e8ge de Vandoeuvres \u00e0 Gen\u00e8ve est un man\u00e8ge \u00e9questre pour le plaisir des plus grands comme des plus petits. Les moniteurs enseignent tant l\u2019\u00e9quitation de base que le saut d\u2019obstacle et le dressage pour le loisir ou la comp\u00e9tition sportive.\" \/>\n<meta name=\"robots\" content=\"index, follow, max-snippet:-1, max-image-preview:large, max-video-preview:-1\" \/>\n<link rel=\"canonical\" href=\"https:\/\/www.manege-vandoeuvres.ch\/en\/horse-riding-leasure-geneva\/\" \/>\n<meta property=\"og:locale\" content=\"en_US\" \/>\n<meta property=\"og:type\" content=\"article\" \/>\n<meta property=\"og:title\" content=\"Man\u00e8ge de Vandoeuvres | Equitation loisirs Gen\u00e8ve\" \/>\n<meta property=\"og:description\" content=\"Le Man\u00e8ge de Vandoeuvres \u00e0 Gen\u00e8ve est un man\u00e8ge \u00e9questre pour le plaisir des plus grands comme des plus petits. Les moniteurs enseignent tant l\u2019\u00e9quitation de base que le saut d\u2019obstacle et le dressage pour le loisir ou la comp\u00e9tition sportive.\" \/>\n<meta property=\"og:url\" content=\"https:\/\/www.manege-vandoeuvres.ch\/en\/horse-riding-leasure-geneva\/\" \/>\n<meta property=\"og:site_name\" content=\"Man\u00e8ge de Vandoeuvres\" \/>\n<meta property=\"article:publisher\" content=\"https:\/\/www.facebook.com\/Manegedevandoeuvres\/\" \/>\n<meta property=\"article:modified_time\" content=\"2023-10-10T15:32:48+00:00\" \/>\n<meta name=\"twitter:card\" content=\"summary_large_image\" \/>\n<meta name=\"twitter:label1\" content=\"Est. reading time\" \/>\n\t<meta name=\"twitter:data1\" content=\"1 minute\" \/>\n<script type=\"application\/ld+json\" class=\"yoast-schema-graph\">{\"@context\":\"https:\\\/\\\/schema.org\",\"@graph\":[{\"@type\":\"WebPage\",\"@id\":\"https:\\\/\\\/www.manege-vandoeuvres.ch\\\/en\\\/horse-riding-leasure-geneva\\\/\",\"url\":\"https:\\\/\\\/www.manege-vandoeuvres.ch\\\/en\\\/horse-riding-leasure-geneva\\\/\",\"name\":\"Man\u00e8ge de Vandoeuvres | Equitation loisirs Gen\u00e8ve\",\"isPartOf\":{\"@id\":\"https:\\\/\\\/www.manege-vandoeuvres.ch\\\/en\\\/#website\"},\"datePublished\":\"2018-02-01T09:12:52+00:00\",\"dateModified\":\"2023-10-10T15:32:48+00:00\",\"description\":\"Le Man\u00e8ge de Vandoeuvres \u00e0 Gen\u00e8ve est un man\u00e8ge \u00e9questre pour le plaisir des plus grands comme des plus petits. Les moniteurs enseignent tant l\u2019\u00e9quitation de base que le saut d\u2019obstacle et le dressage pour le loisir ou la comp\u00e9tition sportive.\",\"breadcrumb\":{\"@id\":\"https:\\\/\\\/www.manege-vandoeuvres.ch\\\/en\\\/horse-riding-leasure-geneva\\\/#breadcrumb\"},\"inLanguage\":\"en-US\",\"potentialAction\":[{\"@type\":\"ReadAction\",\"target\":[\"https:\\\/\\\/www.manege-vandoeuvres.ch\\\/en\\\/horse-riding-leasure-geneva\\\/\"]}]},{\"@type\":\"BreadcrumbList\",\"@id\":\"https:\\\/\\\/www.manege-vandoeuvres.ch\\\/en\\\/horse-riding-leasure-geneva\\\/#breadcrumb\",\"itemListElement\":[{\"@type\":\"ListItem\",\"position\":1,\"name\":\"Accueil\",\"item\":\"https:\\\/\\\/www.manege-vandoeuvres.ch\\\/\"},{\"@type\":\"ListItem\",\"position\":2,\"name\":\"Gallery\"}]},{\"@type\":\"WebSite\",\"@id\":\"https:\\\/\\\/www.manege-vandoeuvres.ch\\\/en\\\/#website\",\"url\":\"https:\\\/\\\/www.manege-vandoeuvres.ch\\\/en\\\/\",\"name\":\"Man\u00e8ge de Vandoeuvres\",\"description\":\"Centre Equestre Geneve\",\"potentialAction\":[{\"@type\":\"SearchAction\",\"target\":{\"@type\":\"EntryPoint\",\"urlTemplate\":\"https:\\\/\\\/www.manege-vandoeuvres.ch\\\/en\\\/?s={search_term_string}\"},\"query-input\":{\"@type\":\"PropertyValueSpecification\",\"valueRequired\":true,\"valueName\":\"search_term_string\"}}],\"inLanguage\":\"en-US\"}]}<\/script>\n<!-- \/ Yoast SEO plugin. -->","yoast_head_json":{"title":"Man\u00e8ge de Vandoeuvres | Equitation loisirs Gen\u00e8ve","description":"Le Man\u00e8ge de Vandoeuvres \u00e0 Gen\u00e8ve est un man\u00e8ge \u00e9questre pour le plaisir des plus grands comme des plus petits. Les moniteurs enseignent tant l\u2019\u00e9quitation de base que le saut d\u2019obstacle et le dressage pour le loisir ou la comp\u00e9tition sportive.","robots":{"index":"index","follow":"follow","max-snippet":"max-snippet:-1","max-image-preview":"max-image-preview:large","max-video-preview":"max-video-preview:-1"},"canonical":"https:\/\/www.manege-vandoeuvres.ch\/en\/horse-riding-leasure-geneva\/","og_locale":"en_US","og_type":"article","og_title":"Man\u00e8ge de Vandoeuvres | Equitation loisirs Gen\u00e8ve","og_description":"Le Man\u00e8ge de Vandoeuvres \u00e0 Gen\u00e8ve est un man\u00e8ge \u00e9questre pour le plaisir des plus grands comme des plus petits. Les moniteurs enseignent tant l\u2019\u00e9quitation de base que le saut d\u2019obstacle et le dressage pour le loisir ou la comp\u00e9tition sportive.","og_url":"https:\/\/www.manege-vandoeuvres.ch\/en\/horse-riding-leasure-geneva\/","og_site_name":"Man\u00e8ge de Vandoeuvres","article_publisher":"https:\/\/www.facebook.com\/Manegedevandoeuvres\/","article_modified_time":"2023-10-10T15:32:48+00:00","twitter_card":"summary_large_image","twitter_misc":{"Est. reading time":"1 minute"},"schema":{"@context":"https:\/\/schema.org","@graph":[{"@type":"WebPage","@id":"https:\/\/www.manege-vandoeuvres.ch\/en\/horse-riding-leasure-geneva\/","url":"https:\/\/www.manege-vandoeuvres.ch\/en\/horse-riding-leasure-geneva\/","name":"Man\u00e8ge de Vandoeuvres | Equitation loisirs Gen\u00e8ve","isPartOf":{"@id":"https:\/\/www.manege-vandoeuvres.ch\/en\/#website"},"datePublished":"2018-02-01T09:12:52+00:00","dateModified":"2023-10-10T15:32:48+00:00","description":"Le Man\u00e8ge de Vandoeuvres \u00e0 Gen\u00e8ve est un man\u00e8ge \u00e9questre pour le plaisir des plus grands comme des plus petits. Les moniteurs enseignent tant l\u2019\u00e9quitation de base que le saut d\u2019obstacle et le dressage pour le loisir ou la comp\u00e9tition sportive.","breadcrumb":{"@id":"https:\/\/www.manege-vandoeuvres.ch\/en\/horse-riding-leasure-geneva\/#breadcrumb"},"inLanguage":"en-US","potentialAction":[{"@type":"ReadAction","target":["https:\/\/www.manege-vandoeuvres.ch\/en\/horse-riding-leasure-geneva\/"]}]},{"@type":"BreadcrumbList","@id":"https:\/\/www.manege-vandoeuvres.ch\/en\/horse-riding-leasure-geneva\/#breadcrumb","itemListElement":[{"@type":"ListItem","position":1,"name":"Accueil","item":"https:\/\/www.manege-vandoeuvres.ch\/"},{"@type":"ListItem","position":2,"name":"Gallery"}]},{"@type":"WebSite","@id":"https:\/\/www.manege-vandoeuvres.ch\/en\/#website","url":"https:\/\/www.manege-vandoeuvres.ch\/en\/","name":"Man\u00e8ge de Vandoeuvres","description":"Centre Equestre Geneve","potentialAction":[{"@type":"SearchAction","target":{"@type":"EntryPoint","urlTemplate":"https:\/\/www.manege-vandoeuvres.ch\/en\/?s={search_term_string}"},"query-input":{"@type":"PropertyValueSpecification","valueRequired":true,"valueName":"search_term_string"}}],"inLanguage":"en-US"}]}},"_links":{"self":[{"href":"https:\/\/www.manege-vandoeuvres.ch\/en\/wp-json\/wp\/v2\/pages\/846","targetHints":{"allow":["GET"]}}],"collection":[{"href":"https:\/\/www.manege-vandoeuvres.ch\/en\/wp-json\/wp\/v2\/pages"}],"about":[{"href":"https:\/\/www.manege-vandoeuvres.ch\/en\/wp-json\/wp\/v2\/types\/page"}],"author":[{"embeddable":true,"href":"https:\/\/www.manege-vandoeuvres.ch\/en\/wp-json\/wp\/v2\/users\/1"}],"replies":[{"embeddable":true,"href":"https:\/\/www.manege-vandoeuvres.ch\/en\/wp-json\/wp\/v2\/comments?post=846"}],"version-history":[{"count":16,"href":"https:\/\/www.manege-vandoeuvres.ch\/en\/wp-json\/wp\/v2\/pages\/846\/revisions"}],"predecessor-version":[{"id":1598,"href":"https:\/\/www.manege-vandoeuvres.ch\/en\/wp-json\/wp\/v2\/pages\/846\/revisions\/1598"}],"wp:attachment":[{"href":"https:\/\/www.manege-vandoeuvres.ch\/en\/wp-json\/wp\/v2\/media?parent=846"}],"curies":[{"name":"wp","href":"https:\/\/api.w.org\/{rel}","templated":true}]}}